{"id":3001,"date":"2025-04-28T16:51:13","date_gmt":"2025-04-28T20:51:13","guid":{"rendered":"https:\/\/www.avocatguzun.com\/?page_id=3001"},"modified":"2026-03-29T23:52:46","modified_gmt":"2026-03-30T03:52:46","slug":"abogados-en-montreal-consultas-legales-en-familia-penal-e-inmigracion","status":"publish","type":"page","link":"https:\/\/avocatguzun.com\/es\/","title":{"rendered":"Abogados en Montreal: derecho de familia, derecho penal e inmigraci\u00f3n"},"content":{"rendered":"","protected":false},"excerpt":{"rendered":"","protected":false},"author":7,"featured_media":1553,"parent":0,"menu_order":0,"comment_status":"closed","ping_status":"closed","template":"","meta":{"_yoast_wpseo_focuskw":"","_yoast_wpseo_title":"Abogados en Montreal | Derecho Familiar, Penal e Inmigraci\u00f3n","_yoast_wpseo_metadesc":"Despacho de abogados en Montreal con m\u00e1s de 20 a\u00f1os de experiencia en derecho de familia, penal e inmigraci\u00f3n. Consultas legales personalizadas y claras.","_yoast_wpseo_meta-robots-noindex":"","_yoast_wpseo_meta-robots-nofollow":"","_yoast_wpseo_canonical":"","footnotes":""},"class_list":["post-3001","page","type-page","status-publish","has-post-thumbnail","hentry"],"yoast_head":"<!-- This site is optimized with the Yoast SEO plugin v27.5 - https:\/\/yoast.com\/product\/yoast-seo-wordpress\/ -->\n<title>Abogados en Montreal | Derecho Familiar, Penal e Inmigraci\u00f3n<\/title>\n<meta name=\"description\" content=\"Despacho de abogados en Montreal con m\u00e1s de 20 a\u00f1os de experiencia en derecho de familia, penal e inmigraci\u00f3n. Consultas legales personalizadas y claras.\" \/>\n<meta name=\"robots\" content=\"index, follow, max-snippet:-1, max-image-preview:large, max-video-preview:-1\" \/>\n<link rel=\"canonical\" href=\"https:\/\/avocatguzun.com\/es\/\" \/>\n<meta property=\"og:locale\" content=\"es_ES\" \/>\n<meta property=\"og:type\" content=\"article\" \/>\n<meta property=\"og:title\" content=\"Abogados en Montreal | Derecho Familiar, Penal e Inmigraci\u00f3n\" \/>\n<meta property=\"og:description\" content=\"Despacho de abogados en Montreal con m\u00e1s de 20 a\u00f1os de experiencia en derecho de familia, penal e inmigraci\u00f3n. Consultas legales personalizadas y claras.\" \/>\n<meta property=\"og:url\" content=\"https:\/\/avocatguzun.com\/es\/\" \/>\n<meta property=\"og:site_name\" content=\"Avocatguzun\" \/>\n<meta property=\"article:modified_time\" content=\"2026-03-30T03:52:46+00:00\" \/>\n<meta property=\"og:image\" content=\"https:\/\/avocatguzun.com\/wp-content\/uploads\/2025\/05\/logo.png\" \/>\n\t<meta property=\"og:image:width\" content=\"478\" \/>\n\t<meta property=\"og:image:height\" content=\"403\" \/>\n\t<meta property=\"og:image:type\" content=\"image\/png\" \/>\n<meta name=\"twitter:card\" content=\"summary_large_image\" \/>\n<meta name=\"twitter:label1\" content=\"Tiempo de lectura\" \/>\n\t<meta name=\"twitter:data1\" content=\"17 minutos\" \/>\n<script type=\"application\/ld+json\" class=\"yoast-schema-graph\">{\"@context\":\"https:\\\/\\\/schema.org\",\"@graph\":[{\"@type\":\"WebPage\",\"@id\":\"https:\\\/\\\/avocatguzun.com\\\/es\\\/\",\"url\":\"https:\\\/\\\/avocatguzun.com\\\/es\\\/\",\"name\":\"Abogados en Montreal | Derecho Familiar, Penal e Inmigraci\u00f3n\",\"isPartOf\":{\"@id\":\"https:\\\/\\\/avocatguzun.com\\\/es\\\/#website\"},\"primaryImageOfPage\":{\"@id\":\"https:\\\/\\\/avocatguzun.com\\\/es\\\/#primaryimage\"},\"image\":{\"@id\":\"https:\\\/\\\/avocatguzun.com\\\/es\\\/#primaryimage\"},\"thumbnailUrl\":\"https:\\\/\\\/avocatguzun.com\\\/wp-content\\\/uploads\\\/2025\\\/05\\\/logo.png\",\"datePublished\":\"2025-04-28T20:51:13+00:00\",\"dateModified\":\"2026-03-30T03:52:46+00:00\",\"description\":\"Despacho de abogados en Montreal con m\u00e1s de 20 a\u00f1os de experiencia en derecho de familia, penal e inmigraci\u00f3n. Consultas legales personalizadas y claras.\",\"breadcrumb\":{\"@id\":\"https:\\\/\\\/avocatguzun.com\\\/es\\\/#breadcrumb\"},\"inLanguage\":\"es\",\"potentialAction\":[{\"@type\":\"ReadAction\",\"target\":[\"https:\\\/\\\/avocatguzun.com\\\/es\\\/\"]}]},{\"@type\":\"ImageObject\",\"inLanguage\":\"es\",\"@id\":\"https:\\\/\\\/avocatguzun.com\\\/es\\\/#primaryimage\",\"url\":\"https:\\\/\\\/avocatguzun.com\\\/wp-content\\\/uploads\\\/2025\\\/05\\\/logo.png\",\"contentUrl\":\"https:\\\/\\\/avocatguzun.com\\\/wp-content\\\/uploads\\\/2025\\\/05\\\/logo.png\",\"width\":478,\"height\":403},{\"@type\":\"BreadcrumbList\",\"@id\":\"https:\\\/\\\/avocatguzun.com\\\/es\\\/#breadcrumb\",\"itemListElement\":[{\"@type\":\"ListItem\",\"position\":1,\"name\":\"Home\",\"item\":\"https:\\\/\\\/avocatguzun.com\\\/es\\\/\"},{\"@type\":\"ListItem\",\"position\":2,\"name\":\"Abogados en Montreal: derecho de familia, derecho penal e inmigraci\u00f3n\"}]},{\"@type\":\"WebSite\",\"@id\":\"https:\\\/\\\/avocatguzun.com\\\/es\\\/#website\",\"url\":\"https:\\\/\\\/avocatguzun.com\\\/es\\\/\",\"name\":\"Avocatguzun\",\"description\":\"\",\"potentialAction\":[{\"@type\":\"SearchAction\",\"target\":{\"@type\":\"EntryPoint\",\"urlTemplate\":\"https:\\\/\\\/avocatguzun.com\\\/es\\\/?s={search_term_string}\"},\"query-input\":{\"@type\":\"PropertyValueSpecification\",\"valueRequired\":true,\"valueName\":\"search_term_string\"}}],\"inLanguage\":\"es\"}]}<\/script>\n<!-- \/ Yoast SEO plugin. -->","yoast_head_json":{"title":"Abogados en Montreal | Derecho Familiar, Penal e Inmigraci\u00f3n","description":"Despacho de abogados en Montreal con m\u00e1s de 20 a\u00f1os de experiencia en derecho de familia, penal e inmigraci\u00f3n. Consultas legales personalizadas y claras.","robots":{"index":"index","follow":"follow","max-snippet":"max-snippet:-1","max-image-preview":"max-image-preview:large","max-video-preview":"max-video-preview:-1"},"canonical":"https:\/\/avocatguzun.com\/es\/","og_locale":"es_ES","og_type":"article","og_title":"Abogados en Montreal | Derecho Familiar, Penal e Inmigraci\u00f3n","og_description":"Despacho de abogados en Montreal con m\u00e1s de 20 a\u00f1os de experiencia en derecho de familia, penal e inmigraci\u00f3n. Consultas legales personalizadas y claras.","og_url":"https:\/\/avocatguzun.com\/es\/","og_site_name":"Avocatguzun","article_modified_time":"2026-03-30T03:52:46+00:00","og_image":[{"width":478,"height":403,"url":"https:\/\/avocatguzun.com\/wp-content\/uploads\/2025\/05\/logo.png","type":"image\/png"}],"twitter_card":"summary_large_image","twitter_misc":{"Tiempo de lectura":"17 minutos"},"schema":{"@context":"https:\/\/schema.org","@graph":[{"@type":"WebPage","@id":"https:\/\/avocatguzun.com\/es\/","url":"https:\/\/avocatguzun.com\/es\/","name":"Abogados en Montreal | Derecho Familiar, Penal e Inmigraci\u00f3n","isPartOf":{"@id":"https:\/\/avocatguzun.com\/es\/#website"},"primaryImageOfPage":{"@id":"https:\/\/avocatguzun.com\/es\/#primaryimage"},"image":{"@id":"https:\/\/avocatguzun.com\/es\/#primaryimage"},"thumbnailUrl":"https:\/\/avocatguzun.com\/wp-content\/uploads\/2025\/05\/logo.png","datePublished":"2025-04-28T20:51:13+00:00","dateModified":"2026-03-30T03:52:46+00:00","description":"Despacho de abogados en Montreal con m\u00e1s de 20 a\u00f1os de experiencia en derecho de familia, penal e inmigraci\u00f3n. Consultas legales personalizadas y claras.","breadcrumb":{"@id":"https:\/\/avocatguzun.com\/es\/#breadcrumb"},"inLanguage":"es","potentialAction":[{"@type":"ReadAction","target":["https:\/\/avocatguzun.com\/es\/"]}]},{"@type":"ImageObject","inLanguage":"es","@id":"https:\/\/avocatguzun.com\/es\/#primaryimage","url":"https:\/\/avocatguzun.com\/wp-content\/uploads\/2025\/05\/logo.png","contentUrl":"https:\/\/avocatguzun.com\/wp-content\/uploads\/2025\/05\/logo.png","width":478,"height":403},{"@type":"BreadcrumbList","@id":"https:\/\/avocatguzun.com\/es\/#breadcrumb","itemListElement":[{"@type":"ListItem","position":1,"name":"Home","item":"https:\/\/avocatguzun.com\/es\/"},{"@type":"ListItem","position":2,"name":"Abogados en Montreal: derecho de familia, derecho penal e inmigraci\u00f3n"}]},{"@type":"WebSite","@id":"https:\/\/avocatguzun.com\/es\/#website","url":"https:\/\/avocatguzun.com\/es\/","name":"Avocatguzun","description":"","potentialAction":[{"@type":"SearchAction","target":{"@type":"EntryPoint","urlTemplate":"https:\/\/avocatguzun.com\/es\/?s={search_term_string}"},"query-input":{"@type":"PropertyValueSpecification","valueRequired":true,"valueName":"search_term_string"}}],"inLanguage":"es"}]}},"_links":{"self":[{"href":"https:\/\/avocatguzun.com\/es\/wp-json\/wp\/v2\/pages\/3001","targetHints":{"allow":["GET"]}}],"collection":[{"href":"https:\/\/avocatguzun.com\/es\/wp-json\/wp\/v2\/pages"}],"about":[{"href":"https:\/\/avocatguzun.com\/es\/wp-json\/wp\/v2\/types\/page"}],"author":[{"embeddable":true,"href":"https:\/\/avocatguzun.com\/es\/wp-json\/wp\/v2\/users\/7"}],"replies":[{"embeddable":true,"href":"https:\/\/avocatguzun.com\/es\/wp-json\/wp\/v2\/comments?post=3001"}],"version-history":[{"count":29,"href":"https:\/\/avocatguzun.com\/es\/wp-json\/wp\/v2\/pages\/3001\/revisions"}],"predecessor-version":[{"id":6130,"href":"https:\/\/avocatguzun.com\/es\/wp-json\/wp\/v2\/pages\/3001\/revisions\/6130"}],"wp:featuredmedia":[{"embeddable":true,"href":"https:\/\/avocatguzun.com\/es\/wp-json\/wp\/v2\/media\/1553"}],"wp:attachment":[{"href":"https:\/\/avocatguzun.com\/es\/wp-json\/wp\/v2\/media?parent=3001"}],"curies":[{"name":"wp","href":"https:\/\/api.w.org\/{rel}","templated":true}]}}