{"id":5757,"date":"2025-05-06T15:41:24","date_gmt":"2025-05-06T19:41:24","guid":{"rendered":"https:\/\/avocatguzun.com\/about-us\/"},"modified":"2026-03-30T13:30:03","modified_gmt":"2026-03-30T17:30:03","slug":"abogados-guzun-associates-mas-de-dos-decadas-de-servicio-legal-de-confianza","status":"publish","type":"page","link":"https:\/\/avocatguzun.com\/es\/abogados-guzun-associates-mas-de-dos-decadas-de-servicio-legal-de-confianza\/","title":{"rendered":"Guzun y Asociados, Abogados: m\u00e1s de dos d\u00e9cadas de servicio legal de confianza"},"content":{"rendered":"","protected":false},"excerpt":{"rendered":"","protected":false},"author":7,"featured_media":1033,"parent":0,"menu_order":0,"comment_status":"closed","ping_status":"closed","template":"","meta":{"_yoast_wpseo_focuskw":"","_yoast_wpseo_title":"Despacho de abogados en Montreal | Abogados de familia, penal e inmigraci\u00f3n","_yoast_wpseo_metadesc":"La historia de un despacho de abogados de confianza en Montreal. D\u00e9cadas de experiencia en derecho de familia, penal y de inmigraci\u00f3n. Servicios legales con un enfoque humano.","_yoast_wpseo_meta-robots-noindex":"","_yoast_wpseo_meta-robots-nofollow":"","_yoast_wpseo_canonical":"","footnotes":""},"class_list":["post-5757","page","type-page","status-publish","has-post-thumbnail","hentry"],"yoast_head":"<!-- This site is optimized with the Yoast SEO plugin v27.5 - https:\/\/yoast.com\/product\/yoast-seo-wordpress\/ -->\n<title>Despacho de abogados en Montreal | Abogados de familia, penal e inmigraci\u00f3n<\/title>\n<meta name=\"description\" content=\"La historia de un despacho de abogados de confianza en Montreal. D\u00e9cadas de experiencia en derecho de familia, penal y de inmigraci\u00f3n. Servicios legales con un enfoque humano.\" \/>\n<meta name=\"robots\" content=\"index, follow, max-snippet:-1, max-image-preview:large, max-video-preview:-1\" \/>\n<link rel=\"canonical\" href=\"https:\/\/avocatguzun.com\/es\/abogados-guzun-associates-mas-de-dos-decadas-de-servicio-legal-de-confianza\/\" \/>\n<meta property=\"og:locale\" content=\"es_ES\" \/>\n<meta property=\"og:type\" content=\"article\" \/>\n<meta property=\"og:title\" content=\"Despacho de abogados en Montreal | Abogados de familia, penal e inmigraci\u00f3n\" \/>\n<meta property=\"og:description\" content=\"La historia de un despacho de abogados de confianza en Montreal. D\u00e9cadas de experiencia en derecho de familia, penal y de inmigraci\u00f3n. Servicios legales con un enfoque humano.\" \/>\n<meta property=\"og:url\" content=\"https:\/\/avocatguzun.com\/es\/abogados-guzun-associates-mas-de-dos-decadas-de-servicio-legal-de-confianza\/\" \/>\n<meta property=\"og:site_name\" content=\"Avocatguzun\" \/>\n<meta property=\"article:modified_time\" content=\"2026-03-30T17:30:03+00:00\" \/>\n<meta property=\"og:image\" content=\"https:\/\/avocatguzun.com\/wp-content\/uploads\/2025\/05\/\u0438\u0437\u043e\u0431\u0440\u0430\u0436\u0435\u043d\u0438\u0435_viber_2025-04-28_13-46-45-183.png\" \/>\n\t<meta property=\"og:image:width\" content=\"478\" \/>\n\t<meta property=\"og:image:height\" content=\"403\" \/>\n\t<meta property=\"og:image:type\" content=\"image\/png\" \/>\n<meta name=\"twitter:card\" content=\"summary_large_image\" \/>\n<meta name=\"twitter:label1\" content=\"Tiempo de lectura\" \/>\n\t<meta name=\"twitter:data1\" content=\"6 minutos\" \/>\n<script type=\"application\/ld+json\" class=\"yoast-schema-graph\">{\"@context\":\"https:\\\/\\\/schema.org\",\"@graph\":[{\"@type\":\"WebPage\",\"@id\":\"https:\\\/\\\/avocatguzun.com\\\/es\\\/abogados-guzun-associates-mas-de-dos-decadas-de-servicio-legal-de-confianza\\\/\",\"url\":\"https:\\\/\\\/avocatguzun.com\\\/es\\\/abogados-guzun-associates-mas-de-dos-decadas-de-servicio-legal-de-confianza\\\/\",\"name\":\"Despacho de abogados en Montreal | Abogados de familia, penal e inmigraci\u00f3n\",\"isPartOf\":{\"@id\":\"https:\\\/\\\/avocatguzun.com\\\/es\\\/#website\"},\"primaryImageOfPage\":{\"@id\":\"https:\\\/\\\/avocatguzun.com\\\/es\\\/abogados-guzun-associates-mas-de-dos-decadas-de-servicio-legal-de-confianza\\\/#primaryimage\"},\"image\":{\"@id\":\"https:\\\/\\\/avocatguzun.com\\\/es\\\/abogados-guzun-associates-mas-de-dos-decadas-de-servicio-legal-de-confianza\\\/#primaryimage\"},\"thumbnailUrl\":\"https:\\\/\\\/avocatguzun.com\\\/wp-content\\\/uploads\\\/2025\\\/05\\\/\u0438\u0437\u043e\u0431\u0440\u0430\u0436\u0435\u043d\u0438\u0435_viber_2025-04-28_13-46-45-183.png\",\"datePublished\":\"2025-05-06T19:41:24+00:00\",\"dateModified\":\"2026-03-30T17:30:03+00:00\",\"description\":\"La historia de un despacho de abogados de confianza en Montreal. D\u00e9cadas de experiencia en derecho de familia, penal y de inmigraci\u00f3n. Servicios legales con un enfoque humano.\",\"breadcrumb\":{\"@id\":\"https:\\\/\\\/avocatguzun.com\\\/es\\\/abogados-guzun-associates-mas-de-dos-decadas-de-servicio-legal-de-confianza\\\/#breadcrumb\"},\"inLanguage\":\"es\",\"potentialAction\":[{\"@type\":\"ReadAction\",\"target\":[\"https:\\\/\\\/avocatguzun.com\\\/es\\\/abogados-guzun-associates-mas-de-dos-decadas-de-servicio-legal-de-confianza\\\/\"]}]},{\"@type\":\"ImageObject\",\"inLanguage\":\"es\",\"@id\":\"https:\\\/\\\/avocatguzun.com\\\/es\\\/abogados-guzun-associates-mas-de-dos-decadas-de-servicio-legal-de-confianza\\\/#primaryimage\",\"url\":\"https:\\\/\\\/avocatguzun.com\\\/wp-content\\\/uploads\\\/2025\\\/05\\\/\u0438\u0437\u043e\u0431\u0440\u0430\u0436\u0435\u043d\u0438\u0435_viber_2025-04-28_13-46-45-183.png\",\"contentUrl\":\"https:\\\/\\\/avocatguzun.com\\\/wp-content\\\/uploads\\\/2025\\\/05\\\/\u0438\u0437\u043e\u0431\u0440\u0430\u0436\u0435\u043d\u0438\u0435_viber_2025-04-28_13-46-45-183.png\",\"width\":478,\"height\":403},{\"@type\":\"BreadcrumbList\",\"@id\":\"https:\\\/\\\/avocatguzun.com\\\/es\\\/abogados-guzun-associates-mas-de-dos-decadas-de-servicio-legal-de-confianza\\\/#breadcrumb\",\"itemListElement\":[{\"@type\":\"ListItem\",\"position\":1,\"name\":\"Home\",\"item\":\"https:\\\/\\\/avocatguzun.com\\\/es\\\/\"},{\"@type\":\"ListItem\",\"position\":2,\"name\":\"Guzun y Asociados, Abogados: m\u00e1s de dos d\u00e9cadas de servicio legal de confianza\"}]},{\"@type\":\"WebSite\",\"@id\":\"https:\\\/\\\/avocatguzun.com\\\/es\\\/#website\",\"url\":\"https:\\\/\\\/avocatguzun.com\\\/es\\\/\",\"name\":\"Avocatguzun\",\"description\":\"\",\"potentialAction\":[{\"@type\":\"SearchAction\",\"target\":{\"@type\":\"EntryPoint\",\"urlTemplate\":\"https:\\\/\\\/avocatguzun.com\\\/es\\\/?s={search_term_string}\"},\"query-input\":{\"@type\":\"PropertyValueSpecification\",\"valueRequired\":true,\"valueName\":\"search_term_string\"}}],\"inLanguage\":\"es\"}]}<\/script>\n<!-- \/ Yoast SEO plugin. -->","yoast_head_json":{"title":"Despacho de abogados en Montreal | Abogados de familia, penal e inmigraci\u00f3n","description":"La historia de un despacho de abogados de confianza en Montreal. D\u00e9cadas de experiencia en derecho de familia, penal y de inmigraci\u00f3n. Servicios legales con un enfoque humano.","robots":{"index":"index","follow":"follow","max-snippet":"max-snippet:-1","max-image-preview":"max-image-preview:large","max-video-preview":"max-video-preview:-1"},"canonical":"https:\/\/avocatguzun.com\/es\/abogados-guzun-associates-mas-de-dos-decadas-de-servicio-legal-de-confianza\/","og_locale":"es_ES","og_type":"article","og_title":"Despacho de abogados en Montreal | Abogados de familia, penal e inmigraci\u00f3n","og_description":"La historia de un despacho de abogados de confianza en Montreal. D\u00e9cadas de experiencia en derecho de familia, penal y de inmigraci\u00f3n. Servicios legales con un enfoque humano.","og_url":"https:\/\/avocatguzun.com\/es\/abogados-guzun-associates-mas-de-dos-decadas-de-servicio-legal-de-confianza\/","og_site_name":"Avocatguzun","article_modified_time":"2026-03-30T17:30:03+00:00","og_image":[{"width":478,"height":403,"url":"https:\/\/avocatguzun.com\/wp-content\/uploads\/2025\/05\/\u0438\u0437\u043e\u0431\u0440\u0430\u0436\u0435\u043d\u0438\u0435_viber_2025-04-28_13-46-45-183.png","type":"image\/png"}],"twitter_card":"summary_large_image","twitter_misc":{"Tiempo de lectura":"6 minutos"},"schema":{"@context":"https:\/\/schema.org","@graph":[{"@type":"WebPage","@id":"https:\/\/avocatguzun.com\/es\/abogados-guzun-associates-mas-de-dos-decadas-de-servicio-legal-de-confianza\/","url":"https:\/\/avocatguzun.com\/es\/abogados-guzun-associates-mas-de-dos-decadas-de-servicio-legal-de-confianza\/","name":"Despacho de abogados en Montreal | Abogados de familia, penal e inmigraci\u00f3n","isPartOf":{"@id":"https:\/\/avocatguzun.com\/es\/#website"},"primaryImageOfPage":{"@id":"https:\/\/avocatguzun.com\/es\/abogados-guzun-associates-mas-de-dos-decadas-de-servicio-legal-de-confianza\/#primaryimage"},"image":{"@id":"https:\/\/avocatguzun.com\/es\/abogados-guzun-associates-mas-de-dos-decadas-de-servicio-legal-de-confianza\/#primaryimage"},"thumbnailUrl":"https:\/\/avocatguzun.com\/wp-content\/uploads\/2025\/05\/\u0438\u0437\u043e\u0431\u0440\u0430\u0436\u0435\u043d\u0438\u0435_viber_2025-04-28_13-46-45-183.png","datePublished":"2025-05-06T19:41:24+00:00","dateModified":"2026-03-30T17:30:03+00:00","description":"La historia de un despacho de abogados de confianza en Montreal. D\u00e9cadas de experiencia en derecho de familia, penal y de inmigraci\u00f3n. Servicios legales con un enfoque humano.","breadcrumb":{"@id":"https:\/\/avocatguzun.com\/es\/abogados-guzun-associates-mas-de-dos-decadas-de-servicio-legal-de-confianza\/#breadcrumb"},"inLanguage":"es","potentialAction":[{"@type":"ReadAction","target":["https:\/\/avocatguzun.com\/es\/abogados-guzun-associates-mas-de-dos-decadas-de-servicio-legal-de-confianza\/"]}]},{"@type":"ImageObject","inLanguage":"es","@id":"https:\/\/avocatguzun.com\/es\/abogados-guzun-associates-mas-de-dos-decadas-de-servicio-legal-de-confianza\/#primaryimage","url":"https:\/\/avocatguzun.com\/wp-content\/uploads\/2025\/05\/\u0438\u0437\u043e\u0431\u0440\u0430\u0436\u0435\u043d\u0438\u0435_viber_2025-04-28_13-46-45-183.png","contentUrl":"https:\/\/avocatguzun.com\/wp-content\/uploads\/2025\/05\/\u0438\u0437\u043e\u0431\u0440\u0430\u0436\u0435\u043d\u0438\u0435_viber_2025-04-28_13-46-45-183.png","width":478,"height":403},{"@type":"BreadcrumbList","@id":"https:\/\/avocatguzun.com\/es\/abogados-guzun-associates-mas-de-dos-decadas-de-servicio-legal-de-confianza\/#breadcrumb","itemListElement":[{"@type":"ListItem","position":1,"name":"Home","item":"https:\/\/avocatguzun.com\/es\/"},{"@type":"ListItem","position":2,"name":"Guzun y Asociados, Abogados: m\u00e1s de dos d\u00e9cadas de servicio legal de confianza"}]},{"@type":"WebSite","@id":"https:\/\/avocatguzun.com\/es\/#website","url":"https:\/\/avocatguzun.com\/es\/","name":"Avocatguzun","description":"","potentialAction":[{"@type":"SearchAction","target":{"@type":"EntryPoint","urlTemplate":"https:\/\/avocatguzun.com\/es\/?s={search_term_string}"},"query-input":{"@type":"PropertyValueSpecification","valueRequired":true,"valueName":"search_term_string"}}],"inLanguage":"es"}]}},"_links":{"self":[{"href":"https:\/\/avocatguzun.com\/es\/wp-json\/wp\/v2\/pages\/5757","targetHints":{"allow":["GET"]}}],"collection":[{"href":"https:\/\/avocatguzun.com\/es\/wp-json\/wp\/v2\/pages"}],"about":[{"href":"https:\/\/avocatguzun.com\/es\/wp-json\/wp\/v2\/types\/page"}],"author":[{"embeddable":true,"href":"https:\/\/avocatguzun.com\/es\/wp-json\/wp\/v2\/users\/7"}],"replies":[{"embeddable":true,"href":"https:\/\/avocatguzun.com\/es\/wp-json\/wp\/v2\/comments?post=5757"}],"version-history":[{"count":7,"href":"https:\/\/avocatguzun.com\/es\/wp-json\/wp\/v2\/pages\/5757\/revisions"}],"predecessor-version":[{"id":6139,"href":"https:\/\/avocatguzun.com\/es\/wp-json\/wp\/v2\/pages\/5757\/revisions\/6139"}],"wp:featuredmedia":[{"embeddable":true,"href":"https:\/\/avocatguzun.com\/es\/wp-json\/wp\/v2\/media\/1033"}],"wp:attachment":[{"href":"https:\/\/avocatguzun.com\/es\/wp-json\/wp\/v2\/media?parent=5757"}],"curies":[{"name":"wp","href":"https:\/\/api.w.org\/{rel}","templated":true}]}}