{"id":5758,"date":"2025-05-08T18:48:08","date_gmt":"2025-05-08T22:48:08","guid":{"rendered":"https:\/\/avocatguzun.com\/become-a-client\/"},"modified":"2026-03-31T13:32:30","modified_gmt":"2026-03-31T17:32:30","slug":"reserve-una-consulta-servicios-legales-de-familia-penal-e-inmigracion-en-montreal","status":"publish","type":"page","link":"https:\/\/avocatguzun.com\/es\/reserve-una-consulta-servicios-legales-de-familia-penal-e-inmigracion-en-montreal\/","title":{"rendered":"Reserve una consulta: servicios legales de familia, penal e inmigraci\u00f3n en Montreal"},"content":{"rendered":"","protected":false},"excerpt":{"rendered":"","protected":false},"author":7,"featured_media":1033,"parent":0,"menu_order":0,"comment_status":"closed","ping_status":"closed","template":"","meta":{"_yoast_wpseo_focuskw":"","_yoast_wpseo_title":"Reserva una consulta | Abogado de familia, penal e inmigraci\u00f3n en Montreal","_yoast_wpseo_metadesc":"Citas r\u00e1pidas con abogados con experiencia en Montreal en derecho de familia, defensa penal e inmigraci\u00f3n. Llamada gratuita para orientaci\u00f3n legal. Acompa\u00f1amiento personalizado.","_yoast_wpseo_meta-robots-noindex":"","_yoast_wpseo_meta-robots-nofollow":"","_yoast_wpseo_canonical":"","footnotes":""},"class_list":["post-5758","page","type-page","status-publish","has-post-thumbnail","hentry"],"yoast_head":"<!-- This site is optimized with the Yoast SEO plugin v27.5 - https:\/\/yoast.com\/product\/yoast-seo-wordpress\/ -->\n<title>Reserva una consulta | Abogado de familia, penal e inmigraci\u00f3n en Montreal<\/title>\n<meta name=\"description\" content=\"Citas r\u00e1pidas con abogados con experiencia en Montreal en derecho de familia, defensa penal e inmigraci\u00f3n. Llamada gratuita para orientaci\u00f3n legal. Acompa\u00f1amiento personalizado.\" \/>\n<meta name=\"robots\" content=\"index, follow, max-snippet:-1, max-image-preview:large, max-video-preview:-1\" \/>\n<link rel=\"canonical\" href=\"https:\/\/avocatguzun.com\/es\/reserve-una-consulta-servicios-legales-de-familia-penal-e-inmigracion-en-montreal\/\" \/>\n<meta property=\"og:locale\" content=\"es_ES\" \/>\n<meta property=\"og:type\" content=\"article\" \/>\n<meta property=\"og:title\" content=\"Reserva una consulta | Abogado de familia, penal e inmigraci\u00f3n en Montreal\" \/>\n<meta property=\"og:description\" content=\"Citas r\u00e1pidas con abogados con experiencia en Montreal en derecho de familia, defensa penal e inmigraci\u00f3n. Llamada gratuita para orientaci\u00f3n legal. Acompa\u00f1amiento personalizado.\" \/>\n<meta property=\"og:url\" content=\"https:\/\/avocatguzun.com\/es\/reserve-una-consulta-servicios-legales-de-familia-penal-e-inmigracion-en-montreal\/\" \/>\n<meta property=\"og:site_name\" content=\"Avocatguzun\" \/>\n<meta property=\"article:modified_time\" content=\"2026-03-31T17:32:30+00:00\" \/>\n<meta property=\"og:image\" content=\"https:\/\/avocatguzun.com\/wp-content\/uploads\/2025\/05\/\u0438\u0437\u043e\u0431\u0440\u0430\u0436\u0435\u043d\u0438\u0435_viber_2025-04-28_13-46-45-183.png\" \/>\n\t<meta property=\"og:image:width\" content=\"478\" \/>\n\t<meta property=\"og:image:height\" content=\"403\" \/>\n\t<meta property=\"og:image:type\" content=\"image\/png\" \/>\n<meta name=\"twitter:card\" content=\"summary_large_image\" \/>\n<meta name=\"twitter:label1\" content=\"Tiempo de lectura\" \/>\n\t<meta name=\"twitter:data1\" content=\"7 minutos\" \/>\n<script type=\"application\/ld+json\" class=\"yoast-schema-graph\">{\"@context\":\"https:\\\/\\\/schema.org\",\"@graph\":[{\"@type\":\"WebPage\",\"@id\":\"https:\\\/\\\/avocatguzun.com\\\/es\\\/reserve-una-consulta-servicios-legales-de-familia-penal-e-inmigracion-en-montreal\\\/\",\"url\":\"https:\\\/\\\/avocatguzun.com\\\/es\\\/reserve-una-consulta-servicios-legales-de-familia-penal-e-inmigracion-en-montreal\\\/\",\"name\":\"Reserva una consulta | Abogado de familia, penal e inmigraci\u00f3n en Montreal\",\"isPartOf\":{\"@id\":\"https:\\\/\\\/avocatguzun.com\\\/es\\\/#website\"},\"primaryImageOfPage\":{\"@id\":\"https:\\\/\\\/avocatguzun.com\\\/es\\\/reserve-una-consulta-servicios-legales-de-familia-penal-e-inmigracion-en-montreal\\\/#primaryimage\"},\"image\":{\"@id\":\"https:\\\/\\\/avocatguzun.com\\\/es\\\/reserve-una-consulta-servicios-legales-de-familia-penal-e-inmigracion-en-montreal\\\/#primaryimage\"},\"thumbnailUrl\":\"https:\\\/\\\/avocatguzun.com\\\/wp-content\\\/uploads\\\/2025\\\/05\\\/\u0438\u0437\u043e\u0431\u0440\u0430\u0436\u0435\u043d\u0438\u0435_viber_2025-04-28_13-46-45-183.png\",\"datePublished\":\"2025-05-08T22:48:08+00:00\",\"dateModified\":\"2026-03-31T17:32:30+00:00\",\"description\":\"Citas r\u00e1pidas con abogados con experiencia en Montreal en derecho de familia, defensa penal e inmigraci\u00f3n. Llamada gratuita para orientaci\u00f3n legal. Acompa\u00f1amiento personalizado.\",\"breadcrumb\":{\"@id\":\"https:\\\/\\\/avocatguzun.com\\\/es\\\/reserve-una-consulta-servicios-legales-de-familia-penal-e-inmigracion-en-montreal\\\/#breadcrumb\"},\"inLanguage\":\"es\",\"potentialAction\":[{\"@type\":\"ReadAction\",\"target\":[\"https:\\\/\\\/avocatguzun.com\\\/es\\\/reserve-una-consulta-servicios-legales-de-familia-penal-e-inmigracion-en-montreal\\\/\"]}]},{\"@type\":\"ImageObject\",\"inLanguage\":\"es\",\"@id\":\"https:\\\/\\\/avocatguzun.com\\\/es\\\/reserve-una-consulta-servicios-legales-de-familia-penal-e-inmigracion-en-montreal\\\/#primaryimage\",\"url\":\"https:\\\/\\\/avocatguzun.com\\\/wp-content\\\/uploads\\\/2025\\\/05\\\/\u0438\u0437\u043e\u0431\u0440\u0430\u0436\u0435\u043d\u0438\u0435_viber_2025-04-28_13-46-45-183.png\",\"contentUrl\":\"https:\\\/\\\/avocatguzun.com\\\/wp-content\\\/uploads\\\/2025\\\/05\\\/\u0438\u0437\u043e\u0431\u0440\u0430\u0436\u0435\u043d\u0438\u0435_viber_2025-04-28_13-46-45-183.png\",\"width\":478,\"height\":403},{\"@type\":\"BreadcrumbList\",\"@id\":\"https:\\\/\\\/avocatguzun.com\\\/es\\\/reserve-una-consulta-servicios-legales-de-familia-penal-e-inmigracion-en-montreal\\\/#breadcrumb\",\"itemListElement\":[{\"@type\":\"ListItem\",\"position\":1,\"name\":\"Home\",\"item\":\"https:\\\/\\\/avocatguzun.com\\\/es\\\/\"},{\"@type\":\"ListItem\",\"position\":2,\"name\":\"Reserve una consulta: servicios legales de familia, penal e inmigraci\u00f3n en Montreal\"}]},{\"@type\":\"WebSite\",\"@id\":\"https:\\\/\\\/avocatguzun.com\\\/es\\\/#website\",\"url\":\"https:\\\/\\\/avocatguzun.com\\\/es\\\/\",\"name\":\"Avocatguzun\",\"description\":\"\",\"potentialAction\":[{\"@type\":\"SearchAction\",\"target\":{\"@type\":\"EntryPoint\",\"urlTemplate\":\"https:\\\/\\\/avocatguzun.com\\\/es\\\/?s={search_term_string}\"},\"query-input\":{\"@type\":\"PropertyValueSpecification\",\"valueRequired\":true,\"valueName\":\"search_term_string\"}}],\"inLanguage\":\"es\"}]}<\/script>\n<!-- \/ Yoast SEO plugin. -->","yoast_head_json":{"title":"Reserva una consulta | Abogado de familia, penal e inmigraci\u00f3n en Montreal","description":"Citas r\u00e1pidas con abogados con experiencia en Montreal en derecho de familia, defensa penal e inmigraci\u00f3n. Llamada gratuita para orientaci\u00f3n legal. Acompa\u00f1amiento personalizado.","robots":{"index":"index","follow":"follow","max-snippet":"max-snippet:-1","max-image-preview":"max-image-preview:large","max-video-preview":"max-video-preview:-1"},"canonical":"https:\/\/avocatguzun.com\/es\/reserve-una-consulta-servicios-legales-de-familia-penal-e-inmigracion-en-montreal\/","og_locale":"es_ES","og_type":"article","og_title":"Reserva una consulta | Abogado de familia, penal e inmigraci\u00f3n en Montreal","og_description":"Citas r\u00e1pidas con abogados con experiencia en Montreal en derecho de familia, defensa penal e inmigraci\u00f3n. Llamada gratuita para orientaci\u00f3n legal. Acompa\u00f1amiento personalizado.","og_url":"https:\/\/avocatguzun.com\/es\/reserve-una-consulta-servicios-legales-de-familia-penal-e-inmigracion-en-montreal\/","og_site_name":"Avocatguzun","article_modified_time":"2026-03-31T17:32:30+00:00","og_image":[{"width":478,"height":403,"url":"https:\/\/avocatguzun.com\/wp-content\/uploads\/2025\/05\/\u0438\u0437\u043e\u0431\u0440\u0430\u0436\u0435\u043d\u0438\u0435_viber_2025-04-28_13-46-45-183.png","type":"image\/png"}],"twitter_card":"summary_large_image","twitter_misc":{"Tiempo de lectura":"7 minutos"},"schema":{"@context":"https:\/\/schema.org","@graph":[{"@type":"WebPage","@id":"https:\/\/avocatguzun.com\/es\/reserve-una-consulta-servicios-legales-de-familia-penal-e-inmigracion-en-montreal\/","url":"https:\/\/avocatguzun.com\/es\/reserve-una-consulta-servicios-legales-de-familia-penal-e-inmigracion-en-montreal\/","name":"Reserva una consulta | Abogado de familia, penal e inmigraci\u00f3n en Montreal","isPartOf":{"@id":"https:\/\/avocatguzun.com\/es\/#website"},"primaryImageOfPage":{"@id":"https:\/\/avocatguzun.com\/es\/reserve-una-consulta-servicios-legales-de-familia-penal-e-inmigracion-en-montreal\/#primaryimage"},"image":{"@id":"https:\/\/avocatguzun.com\/es\/reserve-una-consulta-servicios-legales-de-familia-penal-e-inmigracion-en-montreal\/#primaryimage"},"thumbnailUrl":"https:\/\/avocatguzun.com\/wp-content\/uploads\/2025\/05\/\u0438\u0437\u043e\u0431\u0440\u0430\u0436\u0435\u043d\u0438\u0435_viber_2025-04-28_13-46-45-183.png","datePublished":"2025-05-08T22:48:08+00:00","dateModified":"2026-03-31T17:32:30+00:00","description":"Citas r\u00e1pidas con abogados con experiencia en Montreal en derecho de familia, defensa penal e inmigraci\u00f3n. Llamada gratuita para orientaci\u00f3n legal. Acompa\u00f1amiento personalizado.","breadcrumb":{"@id":"https:\/\/avocatguzun.com\/es\/reserve-una-consulta-servicios-legales-de-familia-penal-e-inmigracion-en-montreal\/#breadcrumb"},"inLanguage":"es","potentialAction":[{"@type":"ReadAction","target":["https:\/\/avocatguzun.com\/es\/reserve-una-consulta-servicios-legales-de-familia-penal-e-inmigracion-en-montreal\/"]}]},{"@type":"ImageObject","inLanguage":"es","@id":"https:\/\/avocatguzun.com\/es\/reserve-una-consulta-servicios-legales-de-familia-penal-e-inmigracion-en-montreal\/#primaryimage","url":"https:\/\/avocatguzun.com\/wp-content\/uploads\/2025\/05\/\u0438\u0437\u043e\u0431\u0440\u0430\u0436\u0435\u043d\u0438\u0435_viber_2025-04-28_13-46-45-183.png","contentUrl":"https:\/\/avocatguzun.com\/wp-content\/uploads\/2025\/05\/\u0438\u0437\u043e\u0431\u0440\u0430\u0436\u0435\u043d\u0438\u0435_viber_2025-04-28_13-46-45-183.png","width":478,"height":403},{"@type":"BreadcrumbList","@id":"https:\/\/avocatguzun.com\/es\/reserve-una-consulta-servicios-legales-de-familia-penal-e-inmigracion-en-montreal\/#breadcrumb","itemListElement":[{"@type":"ListItem","position":1,"name":"Home","item":"https:\/\/avocatguzun.com\/es\/"},{"@type":"ListItem","position":2,"name":"Reserve una consulta: servicios legales de familia, penal e inmigraci\u00f3n en Montreal"}]},{"@type":"WebSite","@id":"https:\/\/avocatguzun.com\/es\/#website","url":"https:\/\/avocatguzun.com\/es\/","name":"Avocatguzun","description":"","potentialAction":[{"@type":"SearchAction","target":{"@type":"EntryPoint","urlTemplate":"https:\/\/avocatguzun.com\/es\/?s={search_term_string}"},"query-input":{"@type":"PropertyValueSpecification","valueRequired":true,"valueName":"search_term_string"}}],"inLanguage":"es"}]}},"_links":{"self":[{"href":"https:\/\/avocatguzun.com\/es\/wp-json\/wp\/v2\/pages\/5758","targetHints":{"allow":["GET"]}}],"collection":[{"href":"https:\/\/avocatguzun.com\/es\/wp-json\/wp\/v2\/pages"}],"about":[{"href":"https:\/\/avocatguzun.com\/es\/wp-json\/wp\/v2\/types\/page"}],"author":[{"embeddable":true,"href":"https:\/\/avocatguzun.com\/es\/wp-json\/wp\/v2\/users\/7"}],"replies":[{"embeddable":true,"href":"https:\/\/avocatguzun.com\/es\/wp-json\/wp\/v2\/comments?post=5758"}],"version-history":[{"count":6,"href":"https:\/\/avocatguzun.com\/es\/wp-json\/wp\/v2\/pages\/5758\/revisions"}],"predecessor-version":[{"id":6171,"href":"https:\/\/avocatguzun.com\/es\/wp-json\/wp\/v2\/pages\/5758\/revisions\/6171"}],"wp:featuredmedia":[{"embeddable":true,"href":"https:\/\/avocatguzun.com\/es\/wp-json\/wp\/v2\/media\/1033"}],"wp:attachment":[{"href":"https:\/\/avocatguzun.com\/es\/wp-json\/wp\/v2\/media?parent=5758"}],"curies":[{"name":"wp","href":"https:\/\/api.w.org\/{rel}","templated":true}]}}